{"id":902,"date":"2025-08-18T12:47:56","date_gmt":"2025-08-18T12:47:56","guid":{"rendered":"https:\/\/fundaciongaessolidaria.org\/donacion-completada\/"},"modified":"2025-08-18T12:47:56","modified_gmt":"2025-08-18T12:47:56","slug":"donacion-completada","status":"publish","type":"page","link":"https:\/\/fundaciongaessolidaria.org\/en\/donacion-completada\/","title":{"rendered":"Donaci\u00f3n Completada"},"content":{"rendered":"<div class=\"dbbva-payment-success\">\n    <div class=\"dms-container\">\n        <div class=\"success-header\">\n            <div class=\"success-icon\">\n                <svg width=\"80\" height=\"80\" viewbox=\"0 0 24 24\" fill=\"none\">\n                    <circle cx=\"12\" cy=\"12\" r=\"12\" fill=\"#28a745\"\/>\n                    <path d=\"M9 12l2 2 4-4\" stroke=\"#fff\" stroke-width=\"2\" stroke-linecap=\"round\" stroke-linejoin=\"round\"\/>\n                <\/svg>\n            <\/div>\n            <h1>\u00a1Donaci\u00f3n Completada!<\/h1>\n            <p class=\"success-message\">Su donaci\u00f3n ha sido procesada exitosamente. Gracias por su generosidad.<\/p>\n        <\/div>\n\n                    <div class=\"processing-notice\">\n                <h3>Procesando su Donaci\u00f3n<\/h3>\n                <p>Su pago est\u00e1 siendo verificado. En breve recibir\u00e1 la confirmaci\u00f3n por email.<\/p>\n                            <\/div>\n        \n        <div class=\"actions\">\n            <a href=\"https:\/\/fundaciongaessolidaria.org\/en\" class=\"btn btn-primary\">Volver al Inicio<\/a>\n                            <a href=\"https:\/\/fundaciongaessolidaria.org\/en\/donaciones\/\" class=\"btn btn-secondary\">Hacer Otra Donaci\u00f3n<\/a>\n                    <\/div>\n\n        <div class=\"contact-info\">\n            <p><strong>\u00bfNecesita ayuda?<\/strong><\/p>\n            <p>Contacte con nosotros para cualquier consulta sobre su donaci\u00f3n.<\/p>\n        <\/div>\n    <\/div>\n<\/div>","protected":false},"excerpt":{"rendered":"","protected":false},"author":1,"featured_media":0,"parent":0,"menu_order":0,"comment_status":"closed","ping_status":"closed","template":"donaciones-bbva-addon\/templates\/page-donacion-completada.php","meta":{"_acf_changed":false,"footnotes":""},"class_list":["post-902","page","type-page","status-publish","hentry"],"acf":[],"yoast_head":"<!-- This site is optimized with the Yoast SEO plugin v27.3 - https:\/\/yoast.com\/product\/yoast-seo-wordpress\/ -->\n<title>Donaci\u00f3n Completada - Fundaci\u00f3n GAES Solidaria<\/title>\n<meta name=\"robots\" content=\"index, follow, max-snippet:-1, max-image-preview:large, max-video-preview:-1\" \/>\n<link rel=\"canonical\" href=\"https:\/\/fundaciongaessolidaria.org\/en\/donacion-completada\/\" \/>\n<meta property=\"og:locale\" content=\"en_GB\" \/>\n<meta property=\"og:type\" content=\"article\" \/>\n<meta property=\"og:title\" content=\"Donaci\u00f3n Completada - Fundaci\u00f3n GAES Solidaria\" \/>\n<meta property=\"og:url\" content=\"https:\/\/fundaciongaessolidaria.org\/en\/donacion-completada\/\" \/>\n<meta property=\"og:site_name\" content=\"Fundaci\u00f3n GAES Solidaria\" \/>\n<meta name=\"twitter:card\" content=\"summary_large_image\" \/>\n<script type=\"application\/ld+json\" class=\"yoast-schema-graph\">{\"@context\":\"https:\\\/\\\/schema.org\",\"@graph\":[{\"@type\":\"WebPage\",\"@id\":\"https:\\\/\\\/fundaciongaessolidaria.org\\\/donacion-completada\\\/\",\"url\":\"https:\\\/\\\/fundaciongaessolidaria.org\\\/donacion-completada\\\/\",\"name\":\"Donaci\u00f3n Completada - Fundaci\u00f3n GAES Solidaria\",\"isPartOf\":{\"@id\":\"https:\\\/\\\/fundaciongaessolidaria.org\\\/#website\"},\"datePublished\":\"2025-08-18T12:47:56+00:00\",\"breadcrumb\":{\"@id\":\"https:\\\/\\\/fundaciongaessolidaria.org\\\/donacion-completada\\\/#breadcrumb\"},\"inLanguage\":\"en-GB\",\"potentialAction\":[{\"@type\":\"ReadAction\",\"target\":[\"https:\\\/\\\/fundaciongaessolidaria.org\\\/donacion-completada\\\/\"]}]},{\"@type\":\"BreadcrumbList\",\"@id\":\"https:\\\/\\\/fundaciongaessolidaria.org\\\/donacion-completada\\\/#breadcrumb\",\"itemListElement\":[{\"@type\":\"ListItem\",\"position\":1,\"name\":\"Home\",\"item\":\"https:\\\/\\\/fundaciongaessolidaria.org\\\/\"},{\"@type\":\"ListItem\",\"position\":2,\"name\":\"Donaci\u00f3n Completada\"}]},{\"@type\":\"WebSite\",\"@id\":\"https:\\\/\\\/fundaciongaessolidaria.org\\\/#website\",\"url\":\"https:\\\/\\\/fundaciongaessolidaria.org\\\/\",\"name\":\"Fundaci\u00f3n GAES Solidaria\",\"description\":\"\",\"potentialAction\":[{\"@type\":\"SearchAction\",\"target\":{\"@type\":\"EntryPoint\",\"urlTemplate\":\"https:\\\/\\\/fundaciongaessolidaria.org\\\/?s={search_term_string}\"},\"query-input\":{\"@type\":\"PropertyValueSpecification\",\"valueRequired\":true,\"valueName\":\"search_term_string\"}}],\"inLanguage\":\"en-GB\"}]}<\/script>\n<!-- \/ Yoast SEO plugin. -->","yoast_head_json":{"title":"Donaci\u00f3n Completada - Fundaci\u00f3n GAES Solidaria","robots":{"index":"index","follow":"follow","max-snippet":"max-snippet:-1","max-image-preview":"max-image-preview:large","max-video-preview":"max-video-preview:-1"},"canonical":"https:\/\/fundaciongaessolidaria.org\/en\/donacion-completada\/","og_locale":"en_GB","og_type":"article","og_title":"Donaci\u00f3n Completada - Fundaci\u00f3n GAES Solidaria","og_url":"https:\/\/fundaciongaessolidaria.org\/en\/donacion-completada\/","og_site_name":"Fundaci\u00f3n GAES Solidaria","twitter_card":"summary_large_image","schema":{"@context":"https:\/\/schema.org","@graph":[{"@type":"WebPage","@id":"https:\/\/fundaciongaessolidaria.org\/donacion-completada\/","url":"https:\/\/fundaciongaessolidaria.org\/donacion-completada\/","name":"Donaci\u00f3n Completada - Fundaci\u00f3n GAES Solidaria","isPartOf":{"@id":"https:\/\/fundaciongaessolidaria.org\/#website"},"datePublished":"2025-08-18T12:47:56+00:00","breadcrumb":{"@id":"https:\/\/fundaciongaessolidaria.org\/donacion-completada\/#breadcrumb"},"inLanguage":"en-GB","potentialAction":[{"@type":"ReadAction","target":["https:\/\/fundaciongaessolidaria.org\/donacion-completada\/"]}]},{"@type":"BreadcrumbList","@id":"https:\/\/fundaciongaessolidaria.org\/donacion-completada\/#breadcrumb","itemListElement":[{"@type":"ListItem","position":1,"name":"Home","item":"https:\/\/fundaciongaessolidaria.org\/"},{"@type":"ListItem","position":2,"name":"Donaci\u00f3n Completada"}]},{"@type":"WebSite","@id":"https:\/\/fundaciongaessolidaria.org\/#website","url":"https:\/\/fundaciongaessolidaria.org\/","name":"Fundaci\u00f3n GAES Solidaria","description":"","potentialAction":[{"@type":"SearchAction","target":{"@type":"EntryPoint","urlTemplate":"https:\/\/fundaciongaessolidaria.org\/?s={search_term_string}"},"query-input":{"@type":"PropertyValueSpecification","valueRequired":true,"valueName":"search_term_string"}}],"inLanguage":"en-GB"}]}},"_links":{"self":[{"href":"https:\/\/fundaciongaessolidaria.org\/en\/wp-json\/wp\/v2\/pages\/902","targetHints":{"allow":["GET"]}}],"collection":[{"href":"https:\/\/fundaciongaessolidaria.org\/en\/wp-json\/wp\/v2\/pages"}],"about":[{"href":"https:\/\/fundaciongaessolidaria.org\/en\/wp-json\/wp\/v2\/types\/page"}],"author":[{"embeddable":true,"href":"https:\/\/fundaciongaessolidaria.org\/en\/wp-json\/wp\/v2\/users\/1"}],"replies":[{"embeddable":true,"href":"https:\/\/fundaciongaessolidaria.org\/en\/wp-json\/wp\/v2\/comments?post=902"}],"version-history":[{"count":0,"href":"https:\/\/fundaciongaessolidaria.org\/en\/wp-json\/wp\/v2\/pages\/902\/revisions"}],"wp:attachment":[{"href":"https:\/\/fundaciongaessolidaria.org\/en\/wp-json\/wp\/v2\/media?parent=902"}],"curies":[{"name":"wp","href":"https:\/\/api.w.org\/{rel}","templated":true}]}}