{"id":1615,"date":"2026-02-19T09:55:48","date_gmt":"2026-02-19T07:55:48","guid":{"rendered":"https:\/\/fundaciongaessolidaria.org\/?page_id=1615"},"modified":"2026-04-16T10:38:57","modified_gmt":"2026-04-16T08:38:57","slug":"gracias-escuchame","status":"publish","type":"page","link":"https:\/\/fundaciongaessolidaria.org\/en\/gracias-escuchame\/","title":{"rendered":"Muchas gracias por tu inter\u00e9s en el Proyecto ESC\u00daCHAME"},"content":{"rendered":"<p><a class=\"dms-button\" href=\"https:\/\/fundaciongaessolidaria.org\/en\/\">Home<\/a><\/p>","protected":false},"excerpt":{"rendered":"<p>Home<\/p>","protected":false},"author":1,"featured_media":0,"parent":0,"menu_order":0,"comment_status":"closed","ping_status":"closed","template":"templates\/dms-template-thanks.php","meta":{"_acf_changed":false,"footnotes":""},"class_list":["post-1615","page","type-page","status-publish","hentry"],"acf":[],"yoast_head":"<!-- This site is optimized with the Yoast SEO plugin v27.3 - https:\/\/yoast.com\/product\/yoast-seo-wordpress\/ -->\n<title>Muchas gracias por tu inter\u00e9s en el Proyecto ESC\u00daCHAME - Fundaci\u00f3n GAES Solidaria Gracias<\/title>\n<meta name=\"robots\" content=\"index, follow, max-snippet:-1, max-image-preview:large, max-video-preview:-1\" \/>\n<link rel=\"canonical\" href=\"https:\/\/fundaciongaessolidaria.org\/en\/gracias-escuchame\/\" \/>\n<meta property=\"og:locale\" content=\"en_GB\" \/>\n<meta property=\"og:type\" content=\"article\" \/>\n<meta property=\"og:title\" content=\"Muchas gracias por tu inter\u00e9s en el Proyecto ESC\u00daCHAME - Fundaci\u00f3n GAES Solidaria Gracias\" \/>\n<meta property=\"og:description\" content=\"Inicio\" \/>\n<meta property=\"og:url\" content=\"https:\/\/fundaciongaessolidaria.org\/en\/gracias-escuchame\/\" \/>\n<meta property=\"og:site_name\" content=\"Fundaci\u00f3n GAES Solidaria\" \/>\n<meta property=\"article:modified_time\" content=\"2026-04-16T08:38:57+00:00\" \/>\n<meta name=\"twitter:card\" content=\"summary_large_image\" \/>\n<meta name=\"twitter:label1\" content=\"Estimated reading time\" \/>\n\t<meta name=\"twitter:data1\" content=\"1 minute\" \/>\n<script type=\"application\/ld+json\" class=\"yoast-schema-graph\">{\"@context\":\"https:\\\/\\\/schema.org\",\"@graph\":[{\"@type\":\"WebPage\",\"@id\":\"https:\\\/\\\/fundaciongaessolidaria.org\\\/gracias-escuchame\\\/\",\"url\":\"https:\\\/\\\/fundaciongaessolidaria.org\\\/gracias-escuchame\\\/\",\"name\":\"Muchas gracias por tu inter\u00e9s en el Proyecto ESC\u00daCHAME - Fundaci\u00f3n GAES Solidaria Gracias\",\"isPartOf\":{\"@id\":\"https:\\\/\\\/fundaciongaessolidaria.org\\\/#website\"},\"datePublished\":\"2026-02-19T07:55:48+00:00\",\"dateModified\":\"2026-04-16T08:38:57+00:00\",\"breadcrumb\":{\"@id\":\"https:\\\/\\\/fundaciongaessolidaria.org\\\/gracias-escuchame\\\/#breadcrumb\"},\"inLanguage\":\"en-GB\",\"potentialAction\":[{\"@type\":\"ReadAction\",\"target\":[\"https:\\\/\\\/fundaciongaessolidaria.org\\\/gracias-escuchame\\\/\"]}]},{\"@type\":\"BreadcrumbList\",\"@id\":\"https:\\\/\\\/fundaciongaessolidaria.org\\\/gracias-escuchame\\\/#breadcrumb\",\"itemListElement\":[{\"@type\":\"ListItem\",\"position\":1,\"name\":\"Home\",\"item\":\"https:\\\/\\\/fundaciongaessolidaria.org\\\/\"},{\"@type\":\"ListItem\",\"position\":2,\"name\":\"Muchas gracias por tu inter\u00e9s en el Proyecto ESC\u00daCHAME\"}]},{\"@type\":\"WebSite\",\"@id\":\"https:\\\/\\\/fundaciongaessolidaria.org\\\/#website\",\"url\":\"https:\\\/\\\/fundaciongaessolidaria.org\\\/\",\"name\":\"Fundaci\u00f3n GAES Solidaria\",\"description\":\"\",\"potentialAction\":[{\"@type\":\"SearchAction\",\"target\":{\"@type\":\"EntryPoint\",\"urlTemplate\":\"https:\\\/\\\/fundaciongaessolidaria.org\\\/?s={search_term_string}\"},\"query-input\":{\"@type\":\"PropertyValueSpecification\",\"valueRequired\":true,\"valueName\":\"search_term_string\"}}],\"inLanguage\":\"en-GB\"}]}<\/script>\n<!-- \/ Yoast SEO plugin. -->","yoast_head_json":{"title":"Muchas gracias por tu inter\u00e9s en el Proyecto ESC\u00daCHAME - Fundaci\u00f3n GAES Solidaria Gracias","robots":{"index":"index","follow":"follow","max-snippet":"max-snippet:-1","max-image-preview":"max-image-preview:large","max-video-preview":"max-video-preview:-1"},"canonical":"https:\/\/fundaciongaessolidaria.org\/en\/gracias-escuchame\/","og_locale":"en_GB","og_type":"article","og_title":"Muchas gracias por tu inter\u00e9s en el Proyecto ESC\u00daCHAME - Fundaci\u00f3n GAES Solidaria Gracias","og_description":"Inicio","og_url":"https:\/\/fundaciongaessolidaria.org\/en\/gracias-escuchame\/","og_site_name":"Fundaci\u00f3n GAES Solidaria","article_modified_time":"2026-04-16T08:38:57+00:00","twitter_card":"summary_large_image","twitter_misc":{"Estimated reading time":"1 minute"},"schema":{"@context":"https:\/\/schema.org","@graph":[{"@type":"WebPage","@id":"https:\/\/fundaciongaessolidaria.org\/gracias-escuchame\/","url":"https:\/\/fundaciongaessolidaria.org\/gracias-escuchame\/","name":"Muchas gracias por tu inter\u00e9s en el Proyecto ESC\u00daCHAME - Fundaci\u00f3n GAES Solidaria Gracias","isPartOf":{"@id":"https:\/\/fundaciongaessolidaria.org\/#website"},"datePublished":"2026-02-19T07:55:48+00:00","dateModified":"2026-04-16T08:38:57+00:00","breadcrumb":{"@id":"https:\/\/fundaciongaessolidaria.org\/gracias-escuchame\/#breadcrumb"},"inLanguage":"en-GB","potentialAction":[{"@type":"ReadAction","target":["https:\/\/fundaciongaessolidaria.org\/gracias-escuchame\/"]}]},{"@type":"BreadcrumbList","@id":"https:\/\/fundaciongaessolidaria.org\/gracias-escuchame\/#breadcrumb","itemListElement":[{"@type":"ListItem","position":1,"name":"Home","item":"https:\/\/fundaciongaessolidaria.org\/"},{"@type":"ListItem","position":2,"name":"Muchas gracias por tu inter\u00e9s en el Proyecto ESC\u00daCHAME"}]},{"@type":"WebSite","@id":"https:\/\/fundaciongaessolidaria.org\/#website","url":"https:\/\/fundaciongaessolidaria.org\/","name":"Fundaci\u00f3n GAES Solidaria","description":"","potentialAction":[{"@type":"SearchAction","target":{"@type":"EntryPoint","urlTemplate":"https:\/\/fundaciongaessolidaria.org\/?s={search_term_string}"},"query-input":{"@type":"PropertyValueSpecification","valueRequired":true,"valueName":"search_term_string"}}],"inLanguage":"en-GB"}]}},"_links":{"self":[{"href":"https:\/\/fundaciongaessolidaria.org\/en\/wp-json\/wp\/v2\/pages\/1615","targetHints":{"allow":["GET"]}}],"collection":[{"href":"https:\/\/fundaciongaessolidaria.org\/en\/wp-json\/wp\/v2\/pages"}],"about":[{"href":"https:\/\/fundaciongaessolidaria.org\/en\/wp-json\/wp\/v2\/types\/page"}],"author":[{"embeddable":true,"href":"https:\/\/fundaciongaessolidaria.org\/en\/wp-json\/wp\/v2\/users\/1"}],"replies":[{"embeddable":true,"href":"https:\/\/fundaciongaessolidaria.org\/en\/wp-json\/wp\/v2\/comments?post=1615"}],"version-history":[{"count":21,"href":"https:\/\/fundaciongaessolidaria.org\/en\/wp-json\/wp\/v2\/pages\/1615\/revisions"}],"predecessor-version":[{"id":1840,"href":"https:\/\/fundaciongaessolidaria.org\/en\/wp-json\/wp\/v2\/pages\/1615\/revisions\/1840"}],"wp:attachment":[{"href":"https:\/\/fundaciongaessolidaria.org\/en\/wp-json\/wp\/v2\/media?parent=1615"}],"curies":[{"name":"wp","href":"https:\/\/api.w.org\/{rel}","templated":true}]}}