{"id":1301,"date":"2025-10-24T09:37:21","date_gmt":"2025-10-24T07:37:21","guid":{"rendered":"https:\/\/fundaciongaessolidaria.org\/?page_id=1301"},"modified":"2025-10-24T10:53:43","modified_gmt":"2025-10-24T08:53:43","slug":"politica-de-privacidad","status":"publish","type":"page","link":"https:\/\/fundaciongaessolidaria.org\/en\/politica-de-privacidad\/","title":{"rendered":"POL\u00cdTICA DE PRIVACIDAD DE LA WEB"},"content":{"rendered":"<p>En esta secci\u00f3n se incluye informaci\u00f3n de car\u00e1cter legal relacionada con la pol\u00edtica de privacidad de FUNDACI\u00d3N GAES SOLIDARIA (la \u201cFUNDACI\u00d3N\u201d). Nuestra pol\u00edtica de privacidad gira alrededor de nuestro compromiso con la privacidad y la seguridad de la informaci\u00f3n vinculada a los datos personales de nuestros usuarios, bas\u00e1ndonos en los principios de licitud en el tratamiento, confidencialidad, integridad, transparencia, disponibilidad, limitaci\u00f3n en la finalidad, as\u00ed como en el resto de obligaciones legales que establecen el REGLAMENTO (UE) 2016\/679 DEL PARLAMENTO EUROPEO Y DEL CONSEJO de 27 de abril de 2016 (RGPD) y la LEY ORG\u00c1NICA 3\/2018 DE 5 DE DICIEMBRE DE PROTECCI\u00d3N DE DATOS PERSONALES Y GARANT\u00cdA DE LOS DERECHOS DIGITALES (LOPDGDD).<\/p>\n<p>A continuaci\u00f3n, detallamos nuestra pol\u00edtica de privacidad (\u201c<strong>Pol\u00edtica de Privacidad<\/strong>\u201d) que, no olvide, tiene un car\u00e1cter jur\u00eddico. Se pretende con ello ayudar al Usuario a tomar decisiones informadas cuando utiliza nuestro sitio web (<a href=\"https:\/\/fundaciongaessolidaria.org\/en\/\">https:\/\/fundaciongaessolidaria.org\/<\/a>) (\u201c<strong>Web<\/strong>\u201d) y a comprender de qu\u00e9 modo trataremos la informaci\u00f3n personal facilitada por el mismo a trav\u00e9s de los distintos formularios de recogida de datos que figuran en el sitio web.<\/p>\n<p>&nbsp;<\/p>\n<h2>Responsable del tratamiento<\/h2>\n<p>El Responsable del tratamiento es la persona f\u00edsica o jur\u00eddica, que determina los fines y medios del tratamiento de los datos. En nuestro caso, el Responsable es Fundaci\u00f3n GAES Solidaria, con CIF: G87730644 y domicilio social en Calle Pere IV, n\u00ba 160, Barcelona.<\/p>\n<p>&nbsp;<\/p>\n<h2>Contact<\/h2>\n<p>Para cualquier cuesti\u00f3n, duda o aclaraci\u00f3n relacionada con la presente Pol\u00edtica de Privacidad o con el tratamiento de datos que la Fundaci\u00f3n realiza, puede ponerse en contacto con nosotros a trav\u00e9s de la direcci\u00f3n de correo electr\u00f3nico <a href=\"mailto:info@fundaciongaessolidaria.org\">info@fundaciongaessolidaria.org<\/a> .<\/p>\n<p>&nbsp;<\/p>\n<h2>Finalidades del tratamiento de datos<\/h2>\n<p>Por <strong>datos personales<\/strong> se entiende cualquier informaci\u00f3n sobre una persona f\u00edsica que la haga identificada o identificable.<\/p>\n<p>Se entiende por <strong>tratamiento de datos<\/strong> cualquier operaci\u00f3n realizada sobre los datos personales (recogida, registro, almacenamiento, modificaci\u00f3n, etc.).<\/p>\n<p>En esta secci\u00f3n de la Pol\u00edtica de privacidad, se informa de una manera clara, sencilla y transparente de los tratamientos de datos que la FUNDACI\u00d3N lleva a cabo a trav\u00e9s de su web:<\/p>\n<p>&nbsp;<\/p>\n<table border=\"1\" cellspacing=\"0\" cellpadding=\"5\">\n<thead>\n<tr>\n<th>Finalidad<\/th>\n<th>Dato personal<\/th>\n<th>Base legal<\/th>\n<th>Per\u00edodo de Conservaci\u00f3n de los datos<\/th>\n<\/tr>\n<\/thead>\n<tbody>\n<tr>\n<td>Gestionar solicitudes de informaci\u00f3n o reclamaciones de la persona interesada a trav\u00e9s del formulario web o redes sociales<\/td>\n<td>Nombre y apellidos, e-mail, tel\u00e9fono<\/td>\n<td>(1) Consentimiento del interesado\/a<\/td>\n<td>Los datos facilitados se conservar\u00e1n durante el tiempo necesario para cumplir con la finalidad para la cual se recabaron y mientras se encuentren vigentes los plazos de prescripci\u00f3n de las diferentes acciones legales (3 a\u00f1os).<\/td>\n<\/tr>\n<tr>\n<td>Env\u00edo de newsletters<\/td>\n<td>Nombre y apellidos, e-mail<\/td>\n<td>(1) Consentimiento del\/de la interesado\/a<br \/>\n(2) Inter\u00e9s leg\u00edtimo<\/td>\n<td>Los datos facilitados se conservar\u00e1n hasta la solicitud de baja del interesado\/a.<\/td>\n<\/tr>\n<tr>\n<td>Gestionar peticiones de voluntariado o donaciones a trav\u00e9s del formulario web<\/td>\n<td>Nombre y apellidos, e-mail, DNI, tel\u00e9fono<\/td>\n<td>(1) Consentimiento del\/de la interesado\/a<br \/>\n(2) Ejecuci\u00f3n de un contrato o medidas precontractuales a petici\u00f3n de la persona interesada<\/td>\n<td>Los datos facilitados se conservar\u00e1n durante el tiempo necesario para cumplir con la finalidad para la cual se recabaron y mientras se encuentren vigentes los plazos de prescripci\u00f3n de las diferentes acciones legales (3 a\u00f1os).<br \/>\nEn el caso de solicitud de donaciones, el plazo de conservaci\u00f3n ser\u00e1 de 10 a\u00f1os.<\/td>\n<\/tr>\n<tr>\n<td>Gestionar las donaciones de los interesados a trav\u00e9s de la web y emitir los certificados fiscales<\/td>\n<td>Nombre y apellidos, e-mail, DNI, tel\u00e9fono, e-mail, direcci\u00f3n, n\u00famero de cuenta o de tarjeta de cr\u00e9dito o d\u00e9bito<\/td>\n<td>(1) Consentimiento del\/de la interesado\/a<br \/>\n(2) Ejecuci\u00f3n de contrato o medidas precontractuales a petici\u00f3n de la persona interesada<br \/>\n(3) Obligaci\u00f3n legal, Ley 10\/2010, de 28 de abril, de prevenci\u00f3n del blanqueo de capitales y de la financiaci\u00f3n del terrorismo, y Real Decreto 304\/2014, de 5 de mayo (art\u00edculo 42) e inter\u00e9s leg\u00edtimo de analizar posibles fraudes<\/td>\n<td>Los datos se conservar\u00e1n durante los 10 a\u00f1os siguientes a la donaci\u00f3n.<\/td>\n<\/tr>\n<tr>\n<td>Captaci\u00f3n y difusi\u00f3n de imagen y\/o v\u00eddeo<\/td>\n<td>Imagen y voz<\/td>\n<td>(1) Consentimiento del interesado (en el caso de menores de 14 a\u00f1os de edad, el consentimiento deber\u00e1n prestarlo sus padres o tutores)<\/td>\n<td>Los datos facilitados se conservar\u00e1n durante el tiempo necesario para cumplir con la finalidad para la cual se recabaron y mientras se encuentren vigentes los plazos de prescripci\u00f3n de las diferentes acciones legales (3 a\u00f1os).<\/td>\n<\/tr>\n<tr>\n<td>Permitir los usos asociados a las cookies de la Web<\/td>\n<td>\n<p>Para mayor informaci\u00f3n, ver la <a href=\"https:\/\/fundaciongaessolidaria.org\/en\/politica-de-cookies\/\">Pol\u00edtica de Cookies<\/a><\/p>\n<\/td>\n<\/tr>\n<\/tbody>\n<\/table>\n<p>&nbsp;<\/p>\n<h2>Menores de edad<\/h2>\n<p>Cuando el usuario sea menor de edad, la recogida y tratamiento de datos siempre responder\u00e1 al consentimiento expreso. En el caso de mayores de 14 a\u00f1os, el consentimiento podr\u00e1 prestarlo el propio menor, pero cuando se trate de menores de 14 a\u00f1os lo han de prestar sus padres o tutores.<\/p>\n<p>&nbsp;<\/p>\n<h2>Procedencia y naturaleza de los datos<\/h2>\n<p>A) Los datos que se obtendr\u00e1n por el acceso a nuestro sitio Web son los siguientes:<\/p>\n<ul>\n<li>Datos identificativos que nos proporcione en base a los formularios y otros medios de contacto puestos a su disposici\u00f3n (ver tabla de Finalidades del tratamiento arriba).<\/li>\n<li>Informaci\u00f3n sobre su navegador y dispositivo (para mayor informaci\u00f3n, puede acceder a la <a href=\"https:\/\/fundaciongaessolidaria.org\/en\/politica-de-cookies\/\">Pol\u00edtica de Cookies<\/a>).<\/li>\n<\/ul>\n<p>&nbsp;<\/p>\n<p>B) Los datos que le solicitamos en los diferentes formularios de nuestra p\u00e1gina web son los adecuados, pertinentes y estrictamente necesarios para la finalidad espec\u00edfica de cada caso concreto. En ning\u00fan caso est\u00e1 obligado a facilitarlos. Los datos de cumplimentaci\u00f3n obligatoria se especifican en el propio formulario, y su negativa a suministrarlos implicar\u00e1 no poder gestionar su petici\u00f3n.<\/p>\n<p>&nbsp;<\/p>\n<p>C) Procedencia de los datos:<\/p>\n<p style=\"padding-left: 40px;\">i. Los datos personales que captamos mediante el presente sitio Web proceden de usted, el propio titular de los datos.<\/p>\n<p style=\"padding-left: 40px;\">ii. La informaci\u00f3n tambi\u00e9n se puede recibir a trav\u00e9s de terceros:<\/p>\n<ul>\n<li style=\"list-style-type: none;\">\n<ul>\n<li style=\"list-style-type: none;\">\n<ul>\n<li style=\"list-style-type: none;\">\n<ul>\n<li>A trav\u00e9s de <strong>cookies<\/strong> y otras tecnolog\u00edas de terceros, que nos ayudan a mejorar la calidad de los servicios que le prestamos y a prevenir el fraude. Pude acceder a este enlace si desea obtener m\u00e1s informaci\u00f3n sobre nuestra <a href=\"https:\/\/fundaciongaessolidaria.org\/en\/politica-de-cookies\/\">Pol\u00edtica de Cookies<\/a>.<\/li>\n<li><strong>Redes sociales<\/strong>: la Web incluye una funcionalidad para permitir el intercambio de informaci\u00f3n entre el usuario y la Fundaci\u00f3n a trav\u00e9s de redes sociales (por ejemplo, Instagram). Estas redes sociales pueden recopilar y utilizar datos relativos a su uso de nuestro sitio Web. El tratamiento de cualquier dato personal que usted proporcione en dichas redes sociales se regir\u00e1 por las pol\u00edticas de protecci\u00f3n de datos de las empresas que prestan ese servicio.<\/li>\n<\/ul>\n<\/li>\n<\/ul>\n<\/li>\n<\/ul>\n<\/li>\n<\/ul>\n<p>&nbsp;<\/p>\n<p>Si usted se pone en contacto con nosotros a trav\u00e9s de una red social incluiremos sus datos personales en nuestro sistema de tratamiento. Esta recopilaci\u00f3n se justifica por la autorizaci\u00f3n que usted habr\u00e1 otorgado previamente al proveedor de la red social, seg\u00fan la configuraci\u00f3n de privacidad que haya establecido previamente de la red social.<\/p>\n<p>&nbsp;<\/p>\n<h2>Per\u00edodo de conservaci\u00f3n de los datos<\/h2>\n<p>Guardaremos sus datos mientras se mantenga la relaci\u00f3n con la Fundaci\u00f3n, para dar cumplimiento a la finalidad para la cual se est\u00e9n tratando los datos personales (ver apartado Per\u00edodo de Conservaci\u00f3n de Datos arriba). En cualquier caso, dejaremos de tratar sus datos personales cuando nos manifieste su voluntad de suprimirlos o que dejemos de tratarlos, sin que ello afecte a los tratamientos que ya se hayan llevado a cabo y salvo que el tratamiento de los mismos sea necesario para dar cumplimiento a una colaboraci\u00f3n con usted.<\/p>\n<p>Asimismo, finalizada la relaci\u00f3n con usted, conservaremos sus datos bloqueados durante los plazos legales para atender eventuales responsabilidades y durante los plazos de prescripci\u00f3n legales que sean de aplicaci\u00f3n. En este supuesto, se tratar\u00e1n a los solos efectos de acreditar el cumplimiento de nuestras obligaciones legales o contractuales. Finalizados dichos plazos de prescripci\u00f3n, los datos ser\u00e1n eliminados o, alternativamente, anonimizados.<\/p>\n<p>&nbsp;<\/p>\n<h2>Cesi\u00f3n o comunicaci\u00f3n de datos a terceros<\/h2>\n<ul>\n<li>Empresas del Grupo AMPLIFON, \u00fanicamente con finalidades administrativas.<\/li>\n<li>Tambi\u00e9n podr\u00e1n tener acceso, siempre bajo la tutela y supervisi\u00f3n de la FUNDACI\u00d3N, determinadas empresas prestadoras de servicios, como encargados de tratamiento, tales como AMPLIFON IB\u00c9RICA, S.A.U., que act\u00faa como encargada del tratamiento de los datos de la Fundaci\u00f3n, con la finalidad de prestar servicios intragrupo, proveedores de servicio de tecnolog\u00eda\/IT, de mantenimiento o almacenamiento (hosting) de la Web. Estos proveedores s\u00f3lo podr\u00e1n acceder a los datos con el \u00fanico objeto de prestar el servicio contratado, siguiendo las instrucciones de la Fundaci\u00f3n y sin que puedan destinarlos para ninguna otra finalidad. Todos los proveedores suscriben compromisos de confidencialidad en el uso de la informaci\u00f3n a la que acceden para la prestaci\u00f3n de su servicio, de conformidad con la normativa vigente.<\/li>\n<li>A Fuerzas y Cuerpos de Seguridad del Estado y otras entidades, en los casos legalmente previstos.<\/li>\n<li>En el caso de las donaciones, tambi\u00e9n se comunicar\u00e1n sus datos a las entidades financieras o proveedores de servicios de pago a trav\u00e9s de las que se articule el cobro de su colaboraci\u00f3n (el Banco Bilbao Vizcaya Argentaria, S.A. y empresas de su grupo).<\/li>\n<li>Prevenci\u00f3n de fraude en la gesti\u00f3n de pagos: podremos tratar sus datos para hacer un control sobre posibles operaciones fraudulentas, lo que puede suponer la comunicaci\u00f3n de datos a proveedores expertos en prevenci\u00f3n y gesti\u00f3n del fraude para analizar las solicitudes de donaciones, lo cual puede implicar, en su caso, la denegaci\u00f3n de la donaci\u00f3n.<\/li>\n<li>En el caso de las im\u00e1genes y v\u00eddeos, la Fundaci\u00f3n puede compartirlos en redes sociales y en p\u00e1gina Web de la entidad y otros medios de comunicaci\u00f3n, con la finalidad de cesi\u00f3n y publicaci\u00f3n de las im\u00e1genes y\/o v\u00eddeo con fines de promoci\u00f3n y difusi\u00f3n de las actividades de la Fundaci\u00f3n.<\/li>\n<\/ul>\n<p>&nbsp;<\/p>\n<h2>Transferencias internacionales de datos<\/h2>\n<p>La Fundaci\u00f3n pertenece al grupo empresarial de Amplifon y puede darse el caso que tenga que transferir los datos personales dentro del grupo ara poder gestionar de forma efectiva la relaci\u00f3n con el interesado o para fines administrativos internos. Dichas transferencias se dan dentro del Espacio Econ\u00f3mico Europeo (EEE).<\/p>\n<p>Si se diera el supuesto en que los datos deben transferirse fuera del EEE, dichas transferencias se realizan a pa\u00edses con un nivel de protecci\u00f3n equiparable al de la Uni\u00f3n Europea donde conforme establece la normativa vigente o se han formalizado decisiones de adecuaci\u00f3n de la Comisi\u00f3n Europea, cl\u00e1usulas contractuales tipo y mecanismos de certificaci\u00f3n.<\/p>\n<p>&nbsp;<\/p>\n<h2>Derechos de los interesados de Amplifon<\/h2>\n<ul>\n<li>En esta secci\u00f3n se detallan los derechos que los interesados pueden solicitar ante la Fundaci\u00f3n:<\/li>\n<li>Retirar el consentimiento en cualquier momento, sin que afecte a la licitud del tratamiento basado en el consentimiento previo a su retirada.<\/li>\n<li>Obtener confirmaci\u00f3n sobre si en la FUNDACI\u00d3N estamos tratando datos personales que les conciernan, o no.<\/li>\n<li>Acceder a sus datos personales, as\u00ed como a solicitar la rectificaci\u00f3n de los datos inexactos o, en su caso, solicitar su supresi\u00f3n cuando, entre otros motivos, los datos ya no sean necesarios para los fines que fueron recogidos.<\/li>\n<li>En determinadas circunstancias, los interesados, podr\u00e1n solicitar la limitaci\u00f3n del tratamiento de sus datos, en cuyo caso \u00fanicamente los conservaremos para el ejercicio o la defensa de reclamaciones.<\/li>\n<li>Podr\u00e1n oponerse al tratamiento de sus datos, donde la Fundaci\u00f3n dejar\u00e1 de tratarlos salvo por motivos leg\u00edtimos imperiosos, o el ejercicio o la defensa de posibles reclamaciones.<\/li>\n<li>Solicitar que la Fundaci\u00f3n transmita los datos personales que el interesado le haya facilitado a otro responsable del tratamiento.<\/li>\n<\/ul>\n<p>En todos los casos, los interesados pueden ejercer sus derechos de acceso, rectificaci\u00f3n o supresi\u00f3n, limitaci\u00f3n, oposici\u00f3n y portabilidad previstos en la RGPD, mediante una comunicaci\u00f3n escrita dirigida a A\/A FUNDACI\u00d3N GAES SOLIDARIA, calle Pere IV, 160, 08005, Barcelona o mediante correo electr\u00f3nico a <a href=\"mailto:info@fundaciongaessolidaria.org\">info@fundaciongaessolidaria.org<\/a> . En todos los casos el interesado deber\u00e1 acreditar suficientemente su identidad, mediante los medios aceptados legalmente.<\/p>\n<p>En cualquier caso, tiene derecho a presentar una reclamaci\u00f3n ante la Agencia Espa\u00f1ola de Protecci\u00f3n de Datos en relaci\u00f3n con el tratamiento que lleva a cabo la Fundaci\u00f3n.<\/p>\n<p>&nbsp;<\/p>\n<h2>Desde la Fundaci\u00f3n valoramos su colaboraci\u00f3n<\/h2>\n<p>Para garantizar que los datos que tenemos son correctos y se encuentran actualizados, le rogamos que nos comunique cualquier modificaci\u00f3n de sus datos personales a fin de que la informaci\u00f3n contenida en nuestros ficheros est\u00e9 en todo momento actualizada y no contenga errores. Para tal comunicaci\u00f3n, podr\u00e1 dirigirse a <a href=\"mailto:info@fundaciongaessolidaria.org\">info@fundaciongaessolidaria.org<\/a>.<\/p>\n<p>&nbsp;<\/p>\n<h2>Medidas de seguridad<\/h2>\n<p>Sus datos personales ser\u00e1n tratados por la Fundaci\u00f3n bajo la m\u00e1s estricta confidencialidad, aplicando las medidas de seguridad t\u00e9cnicas y organizativas que correspondan de conformidad con la normativa vigente.<\/p>\n<p>&nbsp;<\/p>\n<h2>Cambios en la pol\u00edtica de privacidad<\/h2>\n<p>La Fundaci\u00f3n se reserva el derecho a modificar y actualizar la presente Pol\u00edtica de Protecci\u00f3n de Datos, adapt\u00e1ndola a cualquier novedad legislativa y jurisprudencial, as\u00ed como a criterios que pueda establecer la Agencia Espa\u00f1ola de Protecci\u00f3n de Datos (AEPD).<\/p>","protected":false},"excerpt":{"rendered":"<p>En esta secci\u00f3n se incluye informaci\u00f3n de car\u00e1cter legal relacionada con la pol\u00edtica de privacidad de FUNDACI\u00d3N GAES SOLIDARIA (la \u201cFUNDACI\u00d3N\u201d). Nuestra pol\u00edtica de privacidad gira alrededor de nuestro compromiso con la privacidad y la seguridad de la informaci\u00f3n vinculada a los datos personales de nuestros usuarios, bas\u00e1ndonos en los principios de licitud en el [&hellip;]<\/p>\n","protected":false},"author":1,"featured_media":0,"parent":0,"menu_order":0,"comment_status":"closed","ping_status":"closed","template":"templates\/dms-template-privacidad.php","meta":{"_acf_changed":false,"footnotes":""},"class_list":["post-1301","page","type-page","status-publish","hentry"],"acf":[],"yoast_head":"<!-- This site is optimized with the Yoast SEO plugin v27.3 - https:\/\/yoast.com\/product\/yoast-seo-wordpress\/ -->\n<title>POL\u00cdTICA DE PRIVACIDAD DE LA WEB - Fundaci\u00f3n GAES Solidaria<\/title>\n<meta name=\"robots\" content=\"index, follow, max-snippet:-1, max-image-preview:large, max-video-preview:-1\" \/>\n<link rel=\"canonical\" href=\"https:\/\/fundaciongaessolidaria.org\/en\/politica-de-privacidad\/\" \/>\n<meta property=\"og:locale\" content=\"en_GB\" \/>\n<meta property=\"og:type\" content=\"article\" \/>\n<meta property=\"og:title\" content=\"POL\u00cdTICA DE PRIVACIDAD DE LA WEB - Fundaci\u00f3n GAES Solidaria\" \/>\n<meta property=\"og:description\" content=\"En esta secci\u00f3n se incluye informaci\u00f3n de car\u00e1cter legal relacionada con la pol\u00edtica de privacidad de FUNDACI\u00d3N GAES SOLIDARIA (la \u201cFUNDACI\u00d3N\u201d). Nuestra pol\u00edtica de privacidad gira alrededor de nuestro compromiso con la privacidad y la seguridad de la informaci\u00f3n vinculada a los datos personales de nuestros usuarios, bas\u00e1ndonos en los principios de licitud en el [&hellip;]\" \/>\n<meta property=\"og:url\" content=\"https:\/\/fundaciongaessolidaria.org\/en\/politica-de-privacidad\/\" \/>\n<meta property=\"og:site_name\" content=\"Fundaci\u00f3n GAES Solidaria\" \/>\n<meta property=\"article:modified_time\" content=\"2025-10-24T08:53:43+00:00\" \/>\n<meta name=\"twitter:card\" content=\"summary_large_image\" \/>\n<meta name=\"twitter:label1\" content=\"Estimated reading time\" \/>\n\t<meta name=\"twitter:data1\" content=\"10 minutes\" \/>\n<script type=\"application\/ld+json\" class=\"yoast-schema-graph\">{\"@context\":\"https:\\\/\\\/schema.org\",\"@graph\":[{\"@type\":\"WebPage\",\"@id\":\"https:\\\/\\\/fundaciongaessolidaria.org\\\/politica-de-privacidad\\\/\",\"url\":\"https:\\\/\\\/fundaciongaessolidaria.org\\\/politica-de-privacidad\\\/\",\"name\":\"POL\u00cdTICA DE PRIVACIDAD DE LA WEB - Fundaci\u00f3n GAES Solidaria\",\"isPartOf\":{\"@id\":\"https:\\\/\\\/fundaciongaessolidaria.org\\\/#website\"},\"datePublished\":\"2025-10-24T07:37:21+00:00\",\"dateModified\":\"2025-10-24T08:53:43+00:00\",\"breadcrumb\":{\"@id\":\"https:\\\/\\\/fundaciongaessolidaria.org\\\/politica-de-privacidad\\\/#breadcrumb\"},\"inLanguage\":\"en-GB\",\"potentialAction\":[{\"@type\":\"ReadAction\",\"target\":[\"https:\\\/\\\/fundaciongaessolidaria.org\\\/politica-de-privacidad\\\/\"]}]},{\"@type\":\"BreadcrumbList\",\"@id\":\"https:\\\/\\\/fundaciongaessolidaria.org\\\/politica-de-privacidad\\\/#breadcrumb\",\"itemListElement\":[{\"@type\":\"ListItem\",\"position\":1,\"name\":\"Home\",\"item\":\"https:\\\/\\\/fundaciongaessolidaria.org\\\/\"},{\"@type\":\"ListItem\",\"position\":2,\"name\":\"POL\u00cdTICA DE PRIVACIDAD DE LA WEB\"}]},{\"@type\":\"WebSite\",\"@id\":\"https:\\\/\\\/fundaciongaessolidaria.org\\\/#website\",\"url\":\"https:\\\/\\\/fundaciongaessolidaria.org\\\/\",\"name\":\"Fundaci\u00f3n GAES Solidaria\",\"description\":\"\",\"potentialAction\":[{\"@type\":\"SearchAction\",\"target\":{\"@type\":\"EntryPoint\",\"urlTemplate\":\"https:\\\/\\\/fundaciongaessolidaria.org\\\/?s={search_term_string}\"},\"query-input\":{\"@type\":\"PropertyValueSpecification\",\"valueRequired\":true,\"valueName\":\"search_term_string\"}}],\"inLanguage\":\"en-GB\"}]}<\/script>\n<!-- \/ Yoast SEO plugin. -->","yoast_head_json":{"title":"POL\u00cdTICA DE PRIVACIDAD DE LA WEB - Fundaci\u00f3n GAES Solidaria","robots":{"index":"index","follow":"follow","max-snippet":"max-snippet:-1","max-image-preview":"max-image-preview:large","max-video-preview":"max-video-preview:-1"},"canonical":"https:\/\/fundaciongaessolidaria.org\/en\/politica-de-privacidad\/","og_locale":"en_GB","og_type":"article","og_title":"POL\u00cdTICA DE PRIVACIDAD DE LA WEB - Fundaci\u00f3n GAES Solidaria","og_description":"En esta secci\u00f3n se incluye informaci\u00f3n de car\u00e1cter legal relacionada con la pol\u00edtica de privacidad de FUNDACI\u00d3N GAES SOLIDARIA (la \u201cFUNDACI\u00d3N\u201d). Nuestra pol\u00edtica de privacidad gira alrededor de nuestro compromiso con la privacidad y la seguridad de la informaci\u00f3n vinculada a los datos personales de nuestros usuarios, bas\u00e1ndonos en los principios de licitud en el [&hellip;]","og_url":"https:\/\/fundaciongaessolidaria.org\/en\/politica-de-privacidad\/","og_site_name":"Fundaci\u00f3n GAES Solidaria","article_modified_time":"2025-10-24T08:53:43+00:00","twitter_card":"summary_large_image","twitter_misc":{"Estimated reading time":"10 minutes"},"schema":{"@context":"https:\/\/schema.org","@graph":[{"@type":"WebPage","@id":"https:\/\/fundaciongaessolidaria.org\/politica-de-privacidad\/","url":"https:\/\/fundaciongaessolidaria.org\/politica-de-privacidad\/","name":"POL\u00cdTICA DE PRIVACIDAD DE LA WEB - Fundaci\u00f3n GAES Solidaria","isPartOf":{"@id":"https:\/\/fundaciongaessolidaria.org\/#website"},"datePublished":"2025-10-24T07:37:21+00:00","dateModified":"2025-10-24T08:53:43+00:00","breadcrumb":{"@id":"https:\/\/fundaciongaessolidaria.org\/politica-de-privacidad\/#breadcrumb"},"inLanguage":"en-GB","potentialAction":[{"@type":"ReadAction","target":["https:\/\/fundaciongaessolidaria.org\/politica-de-privacidad\/"]}]},{"@type":"BreadcrumbList","@id":"https:\/\/fundaciongaessolidaria.org\/politica-de-privacidad\/#breadcrumb","itemListElement":[{"@type":"ListItem","position":1,"name":"Home","item":"https:\/\/fundaciongaessolidaria.org\/"},{"@type":"ListItem","position":2,"name":"POL\u00cdTICA DE PRIVACIDAD DE LA WEB"}]},{"@type":"WebSite","@id":"https:\/\/fundaciongaessolidaria.org\/#website","url":"https:\/\/fundaciongaessolidaria.org\/","name":"Fundaci\u00f3n GAES Solidaria","description":"","potentialAction":[{"@type":"SearchAction","target":{"@type":"EntryPoint","urlTemplate":"https:\/\/fundaciongaessolidaria.org\/?s={search_term_string}"},"query-input":{"@type":"PropertyValueSpecification","valueRequired":true,"valueName":"search_term_string"}}],"inLanguage":"en-GB"}]}},"_links":{"self":[{"href":"https:\/\/fundaciongaessolidaria.org\/en\/wp-json\/wp\/v2\/pages\/1301","targetHints":{"allow":["GET"]}}],"collection":[{"href":"https:\/\/fundaciongaessolidaria.org\/en\/wp-json\/wp\/v2\/pages"}],"about":[{"href":"https:\/\/fundaciongaessolidaria.org\/en\/wp-json\/wp\/v2\/types\/page"}],"author":[{"embeddable":true,"href":"https:\/\/fundaciongaessolidaria.org\/en\/wp-json\/wp\/v2\/users\/1"}],"replies":[{"embeddable":true,"href":"https:\/\/fundaciongaessolidaria.org\/en\/wp-json\/wp\/v2\/comments?post=1301"}],"version-history":[{"count":11,"href":"https:\/\/fundaciongaessolidaria.org\/en\/wp-json\/wp\/v2\/pages\/1301\/revisions"}],"predecessor-version":[{"id":1317,"href":"https:\/\/fundaciongaessolidaria.org\/en\/wp-json\/wp\/v2\/pages\/1301\/revisions\/1317"}],"wp:attachment":[{"href":"https:\/\/fundaciongaessolidaria.org\/en\/wp-json\/wp\/v2\/media?parent=1301"}],"curies":[{"name":"wp","href":"https:\/\/api.w.org\/{rel}","templated":true}]}}