{"id":12,"date":"2025-05-19T13:49:44","date_gmt":"2025-05-19T13:49:44","guid":{"rendered":"https:\/\/fundaciongaessolidaria.org\/index.php\/cookies-policy\/"},"modified":"2025-10-24T10:39:27","modified_gmt":"2025-10-24T08:39:27","slug":"politica-de-cookies","status":"publish","type":"page","link":"https:\/\/fundaciongaessolidaria.org\/en\/politica-de-cookies\/","title":{"rendered":"POLITICA DE COOKIES"},"content":{"rendered":"<p>La p\u00e1gina web https:\/\/fundaciongaessolidaria.org\/ (en adelante, la \u201cWeb\u201d) est\u00e1 administrada por FUNDACI\u00d3N GAES SOLIDARIA domiciliada en Barcelona y con n\u00famero CIF G87730644 (en adelante, \u201cFundaci\u00f3n\u201d o el \u201cResponsable de Tratamiento\u201d), al que se puede contactar en <a href=\"mailto:info@fundaciongaessolidaria.org\">info@fundaciongaessolidaria.org<\/a>.<\/p>\n<p>La Fundaci\u00f3n, como responsable de tratamiento de sus datos personales, y mediante el presente documento, proporciona informaci\u00f3n sobre el uso de cookies en la p\u00e1gina Web.<\/p>\n<p>Esta Pol\u00edtica de Cookies puede estar sujeta a cambios, tambi\u00e9n como consecuencia de posibles modificaciones reglamentarias y\/o integraciones. En cualquier caso, los cambios se notificar\u00e1n con antelaci\u00f3n y el usuario siempre podr\u00e1 consultar el texto de esta Pol\u00edtica de Cookies constantemente actualizada en la web, as\u00ed como ver cualquier informaci\u00f3n relevante en el apartado de la Pol\u00edtica de Privacidad de la p\u00e1gina web.<\/p>\n<p>&nbsp;<\/p>\n<h2>\u00bfQu\u00e9 son las cookies?<\/h2>\n<p>Las cookies son peque\u00f1as cadenas de texto que la p\u00e1gina web env\u00eda al terminal del usuario (por ejemplo, ordenador, smartphone, tablet) donde se almacenan, cuando el mismo usuario visita la p\u00e1gina web de nuevo las cookies se reenv\u00edan a la p\u00e1gina.<\/p>\n<p>&nbsp;<\/p>\n<h2>\u00bfPara qu\u00e9 se usan las cookies?<\/h2>\n<p>El uso de cookies ofrece varias ventajas a la hora de prestar servicios de la sociedad de la informaci\u00f3n, entre ellas: (i) facilitar la navegaci\u00f3n del usuario por la p\u00e1gina web y el acceso a los m\u00faltiples servicios ofrecidos; (ii) evitar que el usuario tenga que configurar las caracter\u00edsticas generales cada vez que se accede a la p\u00e1gina web; (iii) promover la mejora de los servicios prestados a trav\u00e9s de la p\u00e1gina web, como resultado del correspondiente an\u00e1lisis de la informaci\u00f3n obtenida a trav\u00e9s de las cookies instaladas; (iv) fomentar iniciativas comerciales personalizadas en funci\u00f3n de las elecciones realizadas por el usuario.<\/p>\n<p>&nbsp;<\/p>\n<h2>\u00bfQu\u00e9 cookies usamos?<\/h2>\n<p>Durante la navegaci\u00f3n en la p\u00e1gina web, se usan distintos tipos de cookies con diferentes funciones. Las cookies que en usamos en la Web de la Fundaci\u00f3n, van encaminadas a personalizar el contenido y los anuncios, ofrecer funciones de redes sociales y analizar el tr\u00e1fico. Tambi\u00e9n utilizamos cookies de terceros que nos ayudan a analizar c\u00f3mo usted utiliza este sitio web, guardar sus preferencias y aportar el contenido y la publicidad que le sean relevantes. Y tambi\u00e9n est\u00e1n las cookies necesarias, utilizadas para garantizar el funcionamiento b\u00e1sico de la Web.<\/p>\n<p><strong>Consentimiento de los interesados.<\/strong><\/p>\n<p>Confirmamos que determinadas cookies pueden ser almacenadas directamente en los dispositivos de los usuarios de la web, sin la necesidad de recabar su consentimiento; para todas las dem\u00e1s, s\u00ed que necesitamos vuestro permiso. Una vez aceptado o rechazado el uso de cookies, no se volver\u00e1 a solicitar su consentimiento hasta pasados 12 meses, salvo que haya borrado el historial de cookies o navegaci\u00f3n de su dispositivo.<\/p>\n<p>&nbsp;<\/p>\n<h2>\u00bfQu\u00e9 categorias de cookies se usan en esta p\u00e1gina web?<\/h2>\n<p>Las cookies utilizadas en esta p\u00e1gina web pueden distinguirse seg\u00fan los siguientes criterios:<\/p>\n<p>&nbsp;<\/p>\n<p>a) <strong>Seg\u00fan qui\u00e9n gestiona las cookies<\/strong>:<\/p>\n<ul>\n<li><strong>Cookies propias<\/strong>: se trata de cookies instaladas directamente por el Responsable de Tratamiento a trav\u00e9s de la p\u00e1gina web;<\/li>\n<li><strong>Cookies de terceros<\/strong>: Se trata de cookies instaladas por terceros distintos de la Fundaci\u00f3n en la p\u00e1gina web y controladas en su totalidad por el tercero correspondiente seg\u00fan lo establecido en sus respectivas pol\u00edticas de privacidad y cookies;<\/li>\n<\/ul>\n<p>&nbsp;<\/p>\n<p>b) <strong>Seg\u00fan el tiempo que permanecen habilitadas<\/strong>:<\/p>\n<ul>\n<li><strong>Cookies de sesi\u00f3n<\/strong>: Estas cookies almacenan la informaci\u00f3n necesaria durante la sesi\u00f3n de navegaci\u00f3n y se borran inmediatamente despu\u00e9s de la finalizaci\u00f3n de la sesi\u00f3n, es decir, cuando se cierra el navegador;<\/li>\n<li><strong>Cookies persistentes<\/strong>: Estas cookies se almacenan en el disco duro del usuario y la p\u00e1gina web las lee cada vez que el usuario visita la p\u00e1gina. Una cookie persistente tiene una fecha de caducidad espec\u00edfica, despu\u00e9s de la cual dejar\u00e1 de funcionar;<\/li>\n<\/ul>\n<p>&nbsp;<\/p>\n<p>c) <strong>Seg\u00fan el prop\u00f3sito<\/strong>:<\/p>\n<ul>\n<li><strong>Cookies t\u00e9cnicas o necesarias<\/strong>: Estas cookies son necesarias para permitir al usuario navegar por la p\u00e1gina web y beneficiarse de sus funcionalidades. Sin estas cookies algunos servicios o funciones no se podr\u00edan prestar y la navegaci\u00f3n por la p\u00e1gina web no ser\u00eda f\u00e1cil y funcional;<\/li>\n<li><strong>Cookies de publicidad<\/strong>: se utilizan para entregar a los visitantes anuncios personalizados basados en las p\u00e1ginas que visitaron antes y analizar la efectividad de la campa\u00f1a publicitaria.<\/li>\n<\/ul>\n<p>&nbsp;<\/p>\n<p>Mediante la modificaci\u00f3n de la configuraci\u00f3n del navegador utilizado, el usuario puede decidir someter la instalaci\u00f3n de cualquier tipo de cookie a su consentimiento previo o impedirla. La configuraci\u00f3n de cada navegador es diferente y se describe en el men\u00fa \u00abAyuda\u00bb del propio navegador. Para entender c\u00f3mo configurar las cookies, el usuario puede consultar las instrucciones facilitadas por los proveedores de los navegadores m\u00e1s populares, que se encuentran disponibles en los siguientes enlaces:<\/p>\n<p>Google Chrome<\/p>\n<p><a href=\"https:\/\/support.mozilla.org\/it\/kb\/protezione-antitracciamento-avanzata-firefox-desktop?redirectslug=enable-and-disable-cookies-website-preferences&amp;redirectlocale=en-US\">Mozilla Firefox<\/a><\/p>\n<p><a href=\"https:\/\/support.microsoft.com\/en-us\/products\/windows?os=windows-7\">Internet Explorer<\/a><\/p>\n<p><a href=\"https:\/\/help.opera.com\/en\/latest\/web-preferences\/#cookies\">Opera<\/a><\/p>\n<p><a href=\"https:\/\/support.apple.com\/it-it\/guide\/safari\/sfri11471\/mac\">Safari<\/a><\/p>\n<p>&nbsp;<\/p>\n<p>Cuando el usuario utiliza un navegador diferente, la Fundaci\u00f3n recomienda consultar el manual del navegador espec\u00edfico utilizado para entender c\u00f3mo configurar la gesti\u00f3n de cookies.<\/p>\n<p>&nbsp;<\/p>\n<h2>Gesti\u00f3n de cookies<\/h2>\n<p>A excepci\u00f3n de las \u00abcookies esenciales\u00bb que son necesarias para el funcionamiento de la p\u00e1gina web, la Fundaci\u00f3n solo utilizar\u00e1 cookies con su consentimiento previo. En principio, es posible utilizar la p\u00e1gina web sin cookies, pero puede alterar su funcionamiento o disponibilidad. Si desea utilizar todas las funciones de la p\u00e1gina Web, debe aceptar cookies que le permitan utilizar determinadas funciones o que lo hagan m\u00e1s conveniente para usted. Usted puede ejercer su elecci\u00f3n seg\u00fan el prop\u00f3sito de la cookie como se indica a continuaci\u00f3n.<\/p>\n<p>En tal medida, cuando el usuario accede a la p\u00e1gina Web, se muestra un banner, inform\u00e1ndole de que se utilizan cookies y de que puede encontrar la informaci\u00f3n detallada de las mismas en la primera capa informativa y posteriormente en esta pol\u00edtica y que, haciendo clic en el bot\u00f3n de aceptaci\u00f3n de cookies, el usuario consiente su uso. De lo contrario, el usuario puede decidir qu\u00e9 cookies instalar en la p\u00e1gina web haciendo clic en la secci\u00f3n correspondiente de gesti\u00f3n de cookies y seleccionando sus preferencias. Asimismo, si el usuario consiente la instalaci\u00f3n de cookies, la Fundaci\u00f3n har\u00e1 un seguimiento de su consentimiento mediante una cookie t\u00e9cnica.<\/p>\n<p>Le informamos tambi\u00e9n que, adem\u00e1s de poder modificar su consentimiento sobre las cookies, en cualquier momento, puede deshabilitar o bloquear la utilizaci\u00f3n de las cookies que no son necesarias activando la configuraci\u00f3n de su navegador, de tal forma que le permita rechazar la instalaci\u00f3n del conjunto de cookies o de una parte de ellas.<\/p>\n<p>Tenga en cuenta que tambi\u00e9n puede ejercer sus derechos con respecto a los datos personales recopilados a trav\u00e9s de cookies, tal y como se describe en la <a href=\"https:\/\/fundaciongaessolidaria.org\/en\/politica-de-privacidad\/\">Pol\u00edtica de Privacidad<\/a> de la Fundaci\u00f3n.<\/p>\n<p>&nbsp;<\/p>\n<h2>Lista de cookies<\/h2>\n<p>Una cookie es un fragmento peque\u00f1o de datos (archivos de texto) que un sitio web, cuando es visitado por un usuario, le pregunta a su navegador para almacenarse en su dispositivo y as\u00ed recordar informaci\u00f3n acerca de usted, como por ejemplo la preferencia de idioma o su informaci\u00f3n para iniciar sesi\u00f3n. Estas cookies son establecidas por nosotros, y se llaman cookies de primeras partes. Tambi\u00e9n usamos cookies de terceras partes (que son cookies de un dominio diferente al dominio del sitio web que est\u00e1 visitando) para nuestros estudios de anuncios y marketing. Espec\u00edficamente, usamos las cookies y otras tecnolog\u00edas de seguimiento para los siguientes prop\u00f3sitos:<\/p>\n<p>&nbsp;<\/p>\n<div class=\"cky-audit-table-element\"><\/div>","protected":false},"excerpt":{"rendered":"<p>La p\u00e1gina web https:\/\/fundaciongaessolidaria.org\/ (en adelante, la \u201cWeb\u201d) est\u00e1 administrada por FUNDACI\u00d3N GAES SOLIDARIA domiciliada en Barcelona y con n\u00famero CIF G87730644 (en adelante, \u201cFundaci\u00f3n\u201d o el \u201cResponsable de Tratamiento\u201d), al que se puede contactar en info@fundaciongaessolidaria.org. La Fundaci\u00f3n, como responsable de tratamiento de sus datos personales, y mediante el presente documento, proporciona informaci\u00f3n sobre [&hellip;]<\/p>\n","protected":false},"author":1,"featured_media":0,"parent":0,"menu_order":0,"comment_status":"closed","ping_status":"closed","template":"templates\/dms-template-cookies.php","meta":{"_acf_changed":false,"footnotes":""},"class_list":["post-12","page","type-page","status-publish","hentry"],"acf":[],"yoast_head":"<!-- This site is optimized with the Yoast SEO plugin v27.3 - https:\/\/yoast.com\/product\/yoast-seo-wordpress\/ -->\n<title>POLITICA DE COOKIES - Fundaci\u00f3n GAES Solidaria<\/title>\n<meta name=\"robots\" content=\"index, follow, max-snippet:-1, max-image-preview:large, max-video-preview:-1\" \/>\n<link rel=\"canonical\" href=\"https:\/\/fundaciongaessolidaria.org\/en\/politica-de-cookies\/\" \/>\n<meta property=\"og:locale\" content=\"en_GB\" \/>\n<meta property=\"og:type\" content=\"article\" \/>\n<meta property=\"og:title\" content=\"POLITICA DE COOKIES - Fundaci\u00f3n GAES Solidaria\" \/>\n<meta property=\"og:description\" content=\"La p\u00e1gina web https:\/\/fundaciongaessolidaria.org\/ (en adelante, la \u201cWeb\u201d) est\u00e1 administrada por FUNDACI\u00d3N GAES SOLIDARIA domiciliada en Barcelona y con n\u00famero CIF G87730644 (en adelante, \u201cFundaci\u00f3n\u201d o el \u201cResponsable de Tratamiento\u201d), al que se puede contactar en info@fundaciongaessolidaria.org. La Fundaci\u00f3n, como responsable de tratamiento de sus datos personales, y mediante el presente documento, proporciona informaci\u00f3n sobre [&hellip;]\" \/>\n<meta property=\"og:url\" content=\"https:\/\/fundaciongaessolidaria.org\/en\/politica-de-cookies\/\" \/>\n<meta property=\"og:site_name\" content=\"Fundaci\u00f3n GAES Solidaria\" \/>\n<meta property=\"article:modified_time\" content=\"2025-10-24T08:39:27+00:00\" \/>\n<meta name=\"twitter:card\" content=\"summary_large_image\" \/>\n<meta name=\"twitter:label1\" content=\"Estimated reading time\" \/>\n\t<meta name=\"twitter:data1\" content=\"6 minutes\" \/>\n<script type=\"application\/ld+json\" class=\"yoast-schema-graph\">{\"@context\":\"https:\\\/\\\/schema.org\",\"@graph\":[{\"@type\":\"WebPage\",\"@id\":\"https:\\\/\\\/fundaciongaessolidaria.org\\\/politica-de-cookies\\\/\",\"url\":\"https:\\\/\\\/fundaciongaessolidaria.org\\\/politica-de-cookies\\\/\",\"name\":\"POLITICA DE COOKIES - Fundaci\u00f3n GAES Solidaria\",\"isPartOf\":{\"@id\":\"https:\\\/\\\/fundaciongaessolidaria.org\\\/#website\"},\"datePublished\":\"2025-05-19T13:49:44+00:00\",\"dateModified\":\"2025-10-24T08:39:27+00:00\",\"breadcrumb\":{\"@id\":\"https:\\\/\\\/fundaciongaessolidaria.org\\\/politica-de-cookies\\\/#breadcrumb\"},\"inLanguage\":\"en-GB\",\"potentialAction\":[{\"@type\":\"ReadAction\",\"target\":[\"https:\\\/\\\/fundaciongaessolidaria.org\\\/politica-de-cookies\\\/\"]}]},{\"@type\":\"BreadcrumbList\",\"@id\":\"https:\\\/\\\/fundaciongaessolidaria.org\\\/politica-de-cookies\\\/#breadcrumb\",\"itemListElement\":[{\"@type\":\"ListItem\",\"position\":1,\"name\":\"Home\",\"item\":\"https:\\\/\\\/fundaciongaessolidaria.org\\\/\"},{\"@type\":\"ListItem\",\"position\":2,\"name\":\"POLITICA DE COOKIES\"}]},{\"@type\":\"WebSite\",\"@id\":\"https:\\\/\\\/fundaciongaessolidaria.org\\\/#website\",\"url\":\"https:\\\/\\\/fundaciongaessolidaria.org\\\/\",\"name\":\"Fundaci\u00f3n GAES Solidaria\",\"description\":\"\",\"potentialAction\":[{\"@type\":\"SearchAction\",\"target\":{\"@type\":\"EntryPoint\",\"urlTemplate\":\"https:\\\/\\\/fundaciongaessolidaria.org\\\/?s={search_term_string}\"},\"query-input\":{\"@type\":\"PropertyValueSpecification\",\"valueRequired\":true,\"valueName\":\"search_term_string\"}}],\"inLanguage\":\"en-GB\"}]}<\/script>\n<!-- \/ Yoast SEO plugin. -->","yoast_head_json":{"title":"POLITICA DE COOKIES - Fundaci\u00f3n GAES Solidaria","robots":{"index":"index","follow":"follow","max-snippet":"max-snippet:-1","max-image-preview":"max-image-preview:large","max-video-preview":"max-video-preview:-1"},"canonical":"https:\/\/fundaciongaessolidaria.org\/en\/politica-de-cookies\/","og_locale":"en_GB","og_type":"article","og_title":"POLITICA DE COOKIES - Fundaci\u00f3n GAES Solidaria","og_description":"La p\u00e1gina web https:\/\/fundaciongaessolidaria.org\/ (en adelante, la \u201cWeb\u201d) est\u00e1 administrada por FUNDACI\u00d3N GAES SOLIDARIA domiciliada en Barcelona y con n\u00famero CIF G87730644 (en adelante, \u201cFundaci\u00f3n\u201d o el \u201cResponsable de Tratamiento\u201d), al que se puede contactar en info@fundaciongaessolidaria.org. La Fundaci\u00f3n, como responsable de tratamiento de sus datos personales, y mediante el presente documento, proporciona informaci\u00f3n sobre [&hellip;]","og_url":"https:\/\/fundaciongaessolidaria.org\/en\/politica-de-cookies\/","og_site_name":"Fundaci\u00f3n GAES Solidaria","article_modified_time":"2025-10-24T08:39:27+00:00","twitter_card":"summary_large_image","twitter_misc":{"Estimated reading time":"6 minutes"},"schema":{"@context":"https:\/\/schema.org","@graph":[{"@type":"WebPage","@id":"https:\/\/fundaciongaessolidaria.org\/politica-de-cookies\/","url":"https:\/\/fundaciongaessolidaria.org\/politica-de-cookies\/","name":"POLITICA DE COOKIES - Fundaci\u00f3n GAES Solidaria","isPartOf":{"@id":"https:\/\/fundaciongaessolidaria.org\/#website"},"datePublished":"2025-05-19T13:49:44+00:00","dateModified":"2025-10-24T08:39:27+00:00","breadcrumb":{"@id":"https:\/\/fundaciongaessolidaria.org\/politica-de-cookies\/#breadcrumb"},"inLanguage":"en-GB","potentialAction":[{"@type":"ReadAction","target":["https:\/\/fundaciongaessolidaria.org\/politica-de-cookies\/"]}]},{"@type":"BreadcrumbList","@id":"https:\/\/fundaciongaessolidaria.org\/politica-de-cookies\/#breadcrumb","itemListElement":[{"@type":"ListItem","position":1,"name":"Home","item":"https:\/\/fundaciongaessolidaria.org\/"},{"@type":"ListItem","position":2,"name":"POLITICA DE COOKIES"}]},{"@type":"WebSite","@id":"https:\/\/fundaciongaessolidaria.org\/#website","url":"https:\/\/fundaciongaessolidaria.org\/","name":"Fundaci\u00f3n GAES Solidaria","description":"","potentialAction":[{"@type":"SearchAction","target":{"@type":"EntryPoint","urlTemplate":"https:\/\/fundaciongaessolidaria.org\/?s={search_term_string}"},"query-input":{"@type":"PropertyValueSpecification","valueRequired":true,"valueName":"search_term_string"}}],"inLanguage":"en-GB"}]}},"_links":{"self":[{"href":"https:\/\/fundaciongaessolidaria.org\/en\/wp-json\/wp\/v2\/pages\/12","targetHints":{"allow":["GET"]}}],"collection":[{"href":"https:\/\/fundaciongaessolidaria.org\/en\/wp-json\/wp\/v2\/pages"}],"about":[{"href":"https:\/\/fundaciongaessolidaria.org\/en\/wp-json\/wp\/v2\/types\/page"}],"author":[{"embeddable":true,"href":"https:\/\/fundaciongaessolidaria.org\/en\/wp-json\/wp\/v2\/users\/1"}],"replies":[{"embeddable":true,"href":"https:\/\/fundaciongaessolidaria.org\/en\/wp-json\/wp\/v2\/comments?post=12"}],"version-history":[{"count":7,"href":"https:\/\/fundaciongaessolidaria.org\/en\/wp-json\/wp\/v2\/pages\/12\/revisions"}],"predecessor-version":[{"id":1315,"href":"https:\/\/fundaciongaessolidaria.org\/en\/wp-json\/wp\/v2\/pages\/12\/revisions\/1315"}],"wp:attachment":[{"href":"https:\/\/fundaciongaessolidaria.org\/en\/wp-json\/wp\/v2\/media?parent=12"}],"curies":[{"name":"wp","href":"https:\/\/api.w.org\/{rel}","templated":true}]}}