{"id":11,"date":"2025-05-19T13:49:44","date_gmt":"2025-05-19T13:49:44","guid":{"rendered":"https:\/\/fundaciongaessolidaria.org\/index.php\/legal-advice\/"},"modified":"2025-10-24T09:59:46","modified_gmt":"2025-10-24T07:59:46","slug":"aviso-legal","status":"publish","type":"page","link":"https:\/\/fundaciongaessolidaria.org\/en\/aviso-legal\/","title":{"rendered":"AVISO LEGAL"},"content":{"rendered":"<h2>Datos &#8211; RESPONSABLE DEL TRATAMIENTO<\/h2>\n<p>FUNDACI\u00d3N GAES SOLIDARIA (la \u201c<strong>The Foundation<\/strong>\u201d)<\/p>\n<ul>\n<li><strong>CIF<\/strong>: G87730644<\/li>\n<li><strong>Domicilio social<\/strong>: Calle Pere IV, n\u00ba 160, Barcelona<\/li>\n<li>Entidad inscrita en el Registro de fundaciones de competencia estatal con n\u00famero de registro 1925EDU.<\/li>\n<li><strong>Direcci\u00f3n de correo electr\u00f3nico de contacto<\/strong>: <a href=\"mailto:info@fundaciongaessolidaria.org\">info@fundaciongaessolidaria.org<\/a><\/li>\n<\/ul>\n<p>&nbsp;<\/p>\n<h2>P\u00e1gina web<\/h2>\n<p>Le informamos que el sitio web (https:\/\/www.fundaciongaessolidaria.org) (\u201c<strong>Web<\/strong>\u201d) es propiedad de Fundaci\u00f3n GAES Solidaria y tiene por objeto facilitar al p\u00fablico, en general, el conocimiento de las actividades que esta fundaci\u00f3n y de las acciones solidarias que la misma lleva a cabo, as\u00ed como permitir a quienes est\u00e9n interesados solicitar informaci\u00f3n y realizar donaciones.<\/p>\n<p>&nbsp;<\/p>\n<h2>Pol\u00edtica de Privacidad<\/h2>\n<p>Nuestra pol\u00edtica de privacidad gira alrededor de nuestro compromiso con la privacidad y la seguridad de la informaci\u00f3n vinculada a los datos personales de nuestros usuarios, bas\u00e1ndonos en los principios de confidencialidad, integridad, transparencia y disponibilidad, as\u00ed como en las obligaciones legales. Puede acceder a nuestra <a href=\"https:\/\/fundaciongaessolidaria.org\/en\/politica-de-privacidad\/\">Pol\u00edtica de Privacidad<\/a>, clicando <a href=\"https:\/\/fundaciongaessolidaria.org\/en\/politica-de-privacidad\/\">AQU\u00cd<\/a>.<\/p>\n<p>&nbsp;<\/p>\n<h2>Cookies<\/h2>\n<p>Esta p\u00e1gina web utiliza cookies para facilitar la navegaci\u00f3n por la Web y para obtener una mayor eficacia y personalizaci\u00f3n de los servicios ofrecidos. Puede acceder a nuestra <a href=\"https:\/\/fundaciongaessolidaria.org\/en\/politica-de-cookies\/\">Pol\u00edtica de Cookies<\/a>, clicando <a href=\"https:\/\/fundaciongaessolidaria.org\/en\/politica-de-cookies\/\">AQU\u00cd<\/a>.<\/p>\n<p>&nbsp;<\/p>\n<h2>Propiedad Industrial e Intelectual<\/h2>\n<p>Quedan reservados todos los derechos de propiedad intelectual y los derechos de explotaci\u00f3n sobre este sitio Web, su software, dise\u00f1o gr\u00e1fico y sus contenidos, a favor de la Fundaci\u00f3n o por empresas del Grupo AMPLIFON, salvo que se especifique otra cosa.<\/p>\n<p>Los nombres, dise\u00f1os, logotipos y\/o marcas que figuren en este sitio web est\u00e1n debidamente registrados por la Fundaci\u00f3n o por empresas del grupo Amplifon, grupo al que pertenece la Fundaci\u00f3n.<\/p>\n<p>Cualquier uso indebido de los mismos por persona distinta de su leg\u00edtimo titular podr\u00e1 ser perseguido por v\u00eda judicial de conformidad con la legislaci\u00f3n vigente.<\/p>\n<p>&nbsp;<\/p>\n<h2>Enlaces a otros sitios web| Hiperv\u00ednculos<\/h2>\n<p>La Fundaci\u00f3n no se hace responsable de los contenidos e informaciones que figuren en otros sitios web no pertenecientes a la entidad, a los que en su caso el usuario o visitante pudiera acceder a trav\u00e9s de enlaces o links disponibles en nuestro sitio web.<\/p>\n<p>Cualquier otra p\u00e1gina web tendr\u00e1 prohibida la incorporaci\u00f3n de un hiperv\u00ednculo a esta p\u00e1gina Web, sin la expresa autorizaci\u00f3n de la Fundaci\u00f3n. En cualquier caso, dicha autorizaci\u00f3n implicar\u00e1 que el hiperv\u00ednculo no se haga de forma que perjudique la imagen p\u00fablica y de la Fundaci\u00f3n o la marca GAES o Amplifon o de la propia P\u00e1gina Web, as\u00ed como de los terceros que aparezcan referenciados en \u00e9sta. La Fundaci\u00f3n retirar\u00e1 cualquier enlace en cuanto tenga conocimiento por cualquier medio de la ilicitud de su contenido o de que desde los mismos se lesionan bienes o derechos de un tercero<\/p>\n<p>&nbsp;<\/p>\n<h2>Condiciones de utilizaci\u00f3n<\/h2>\n<p>La navegaci\u00f3n por la web de la Fundaci\u00f3n otorga la condici\u00f3n de USUARIO e implica la aceptaci\u00f3n plena y sin reservas del presente Aviso Legal.<\/p>\n<p>El usuario se obliga a usar los contenidos publicados en este sitio web de una forma l\u00edcita en general y, en particular, se compromete a abstenerse de (a) utilizar los contenidos de forma, con fines o efectos contrarios a la ley, a la moral y a las buenas costumbres generalmente aceptadas o al orden p\u00fablico; (b) emplear los contenidos con fines econ\u00f3micos, venta directa o con cualquier otra clase de finalidad comercial, mensajes no solicitados dirigidos a una pluralidad de personas con independencia de su finalidad, as\u00ed como a abstenerse de comercializar o divulgar de cualquier modo dicha informaci\u00f3n; (c) cualquier secci\u00f3n de la web, donde se faciliten datos de car\u00e1cter personal, estar\u00e1 en todo caso sujeto a las condiciones establecidas en la <a href=\"https:\/\/fundaciongaessolidaria.org\/en\/politica-de-privacidad\/\">Pol\u00edtica de Privacidad<\/a>.<\/p>\n<p>La Fundaci\u00f3n se reserva el derecho a modificar unilateralmente, en cualquier momento y sin previo aviso, la presentaci\u00f3n y configuraci\u00f3n de los contenidos de la Web, as\u00ed como las condiciones requeridas para su utilizaci\u00f3n cuando ello sea conveniente para su mejor prestaci\u00f3n.<\/p>\n<p>El Usuario garantiza que los datos remitidos o aportados son verdaderos, exactos, completos y actualizados, siendo responsable de cualquier da\u00f1o o perjuicio, directo o indirecto, que pudiera ocasionarse como consecuencia del incumplimiento de tal obligaci\u00f3n. En el caso de que los datos aportados pertenecieran a un tercero, el Usuario garantiza que ha informado a dicho tercero de los aspectos contenidos en la <a href=\"https:\/\/fundaciongaessolidaria.org\/en\/politica-de-privacidad\/\">Pol\u00edtica de Privacidad<\/a> y ha obtenido su autorizaci\u00f3n de manera previa para facilitar sus datos a la Fundaci\u00f3n para los fines se\u00f1alados.<\/p>\n<p>&nbsp;<\/p>\n<h2>Limitaci\u00f3n de Responsabilidad<\/h2>\n<p>La Fundaci\u00f3n no asume ning\u00fan tipo de responsabilidad por el uso o el mal uso de la informaci\u00f3n, los datos facilitados, los servicios o productos rese\u00f1ados en este sitio Web.<\/p>\n<p>La Fundaci\u00f3n no se hace responsable de los posibles errores de seguridad que se puedan producir ni de los posibles da\u00f1os que puedan causarse al sistema inform\u00e1tico del Usuario (hardware y software), los ficheros o documentos almacenados en el mismo, como consecuencia de la presencia de virus en el ordenador del Usuario utilizado para la conexi\u00f3n a los servicios y contenidos de la Web, de un mal funcionamiento del navegador o del uso de versiones no actualizadas del mismo.<\/p>\n<p>Este sitio Web incluye o puede incluir, dentro de sus contenidos, enlaces con sitios web que son propiedad y\/o est\u00e1n gestionados por terceros. Este sitio Web no asume ninguna responsabilidad derivada de la existencia de enlaces entre los contenidos de este sitio y contenidos situados fuera del mismo o de cualquier otra menci\u00f3n de contenidos externos a este sitio.<\/p>\n<p>Dentro de sus contenidos, la web, puede contener enlaces a archivos gr\u00e1ficos y audiovisuales, que pueden estar protegidos por derecho de autor. La Fundaci\u00f3n no asume ninguna responsabilidad derivada de la descarga y uso que se haga de esos archivos.<\/p>\n<p>La Fundaci\u00f3n podr\u00e1, cuando lo considere conveniente, realizar correcciones, mejoras o modificaciones en la informaci\u00f3n contenida en este sitio web sin que ello d\u00e9 lugar, ni derecho a ninguna reclamaci\u00f3n o indemnizaci\u00f3n, ni implique reconocimiento de responsabilidad alguna. Tampoco se har\u00e1 responsable por los da\u00f1os y perjuicios de cualquier naturaleza que se pudieran derivar de la disponibilidad y continuidad t\u00e9cnica del funcionamiento de este sitio Web.<\/p>\n<p>Este sitio Web no se responsabiliza de las opiniones y comentarios vertidos por los usuarios de este sitio web.<\/p>\n<p>&nbsp;<\/p>\n<h2>Legislaci\u00f3n y jurisdicci\u00f3n aplicables.<\/h2>\n<p>A todos los efectos, las relaciones con nuestros usuarios, que se deriven de las acciones y colaboraciones contenidas en esta Web, est\u00e1n sometidas a la legislaci\u00f3n y la jurisdicci\u00f3n espa\u00f1ola.<\/p>\n<p>La Fundaci\u00f3n y el usuario, con renuncia expresa a cualquier otro fuero, se someten al de los juzgados y tribunales de la ciudad de Barcelona (Espa\u00f1a).<\/p>","protected":false},"excerpt":{"rendered":"<p>Datos &#8211; RESPONSABLE DEL TRATAMIENTO FUNDACI\u00d3N GAES SOLIDARIA (la \u201cFundaci\u00f3n\u201d) CIF: G87730644 Domicilio social: Calle Pere IV, n\u00ba 160, Barcelona Entidad inscrita en el Registro de fundaciones de competencia estatal con n\u00famero de registro 1925EDU. Direcci\u00f3n de correo electr\u00f3nico de contacto: info@fundaciongaessolidaria.org &nbsp; P\u00e1gina web Le informamos que el sitio web (https:\/\/www.fundaciongaessolidaria.org) (\u201cWeb\u201d) es propiedad [&hellip;]<\/p>\n","protected":false},"author":1,"featured_media":0,"parent":0,"menu_order":0,"comment_status":"closed","ping_status":"closed","template":"templates\/dms-template-legal.php","meta":{"_acf_changed":false,"footnotes":""},"class_list":["post-11","page","type-page","status-publish","hentry"],"acf":[],"yoast_head":"<!-- This site is optimized with the Yoast SEO plugin v27.3 - https:\/\/yoast.com\/product\/yoast-seo-wordpress\/ -->\n<title>AVISO LEGAL - Fundaci\u00f3n GAES Solidaria<\/title>\n<meta name=\"robots\" content=\"index, follow, max-snippet:-1, max-image-preview:large, max-video-preview:-1\" \/>\n<link rel=\"canonical\" href=\"https:\/\/fundaciongaessolidaria.org\/en\/aviso-legal\/\" \/>\n<meta property=\"og:locale\" content=\"en_GB\" \/>\n<meta property=\"og:type\" content=\"article\" \/>\n<meta property=\"og:title\" content=\"AVISO LEGAL - Fundaci\u00f3n GAES Solidaria\" \/>\n<meta property=\"og:description\" content=\"Datos &#8211; RESPONSABLE DEL TRATAMIENTO FUNDACI\u00d3N GAES SOLIDARIA (la \u201cFundaci\u00f3n\u201d) CIF: G87730644 Domicilio social: Calle Pere IV, n\u00ba 160, Barcelona Entidad inscrita en el Registro de fundaciones de competencia estatal con n\u00famero de registro 1925EDU. Direcci\u00f3n de correo electr\u00f3nico de contacto: info@fundaciongaessolidaria.org &nbsp; P\u00e1gina web Le informamos que el sitio web (https:\/\/www.fundaciongaessolidaria.org) (\u201cWeb\u201d) es propiedad [&hellip;]\" \/>\n<meta property=\"og:url\" content=\"https:\/\/fundaciongaessolidaria.org\/en\/aviso-legal\/\" \/>\n<meta property=\"og:site_name\" content=\"Fundaci\u00f3n GAES Solidaria\" \/>\n<meta property=\"article:modified_time\" content=\"2025-10-24T07:59:46+00:00\" \/>\n<meta name=\"twitter:card\" content=\"summary_large_image\" \/>\n<meta name=\"twitter:label1\" content=\"Estimated reading time\" \/>\n\t<meta name=\"twitter:data1\" content=\"5 minutes\" \/>\n<script type=\"application\/ld+json\" class=\"yoast-schema-graph\">{\"@context\":\"https:\\\/\\\/schema.org\",\"@graph\":[{\"@type\":\"WebPage\",\"@id\":\"https:\\\/\\\/fundaciongaessolidaria.org\\\/aviso-legal\\\/\",\"url\":\"https:\\\/\\\/fundaciongaessolidaria.org\\\/aviso-legal\\\/\",\"name\":\"AVISO LEGAL - Fundaci\u00f3n GAES Solidaria\",\"isPartOf\":{\"@id\":\"https:\\\/\\\/fundaciongaessolidaria.org\\\/#website\"},\"datePublished\":\"2025-05-19T13:49:44+00:00\",\"dateModified\":\"2025-10-24T07:59:46+00:00\",\"breadcrumb\":{\"@id\":\"https:\\\/\\\/fundaciongaessolidaria.org\\\/aviso-legal\\\/#breadcrumb\"},\"inLanguage\":\"en-GB\",\"potentialAction\":[{\"@type\":\"ReadAction\",\"target\":[\"https:\\\/\\\/fundaciongaessolidaria.org\\\/aviso-legal\\\/\"]}]},{\"@type\":\"BreadcrumbList\",\"@id\":\"https:\\\/\\\/fundaciongaessolidaria.org\\\/aviso-legal\\\/#breadcrumb\",\"itemListElement\":[{\"@type\":\"ListItem\",\"position\":1,\"name\":\"Home\",\"item\":\"https:\\\/\\\/fundaciongaessolidaria.org\\\/\"},{\"@type\":\"ListItem\",\"position\":2,\"name\":\"AVISO LEGAL\"}]},{\"@type\":\"WebSite\",\"@id\":\"https:\\\/\\\/fundaciongaessolidaria.org\\\/#website\",\"url\":\"https:\\\/\\\/fundaciongaessolidaria.org\\\/\",\"name\":\"Fundaci\u00f3n GAES Solidaria\",\"description\":\"\",\"potentialAction\":[{\"@type\":\"SearchAction\",\"target\":{\"@type\":\"EntryPoint\",\"urlTemplate\":\"https:\\\/\\\/fundaciongaessolidaria.org\\\/?s={search_term_string}\"},\"query-input\":{\"@type\":\"PropertyValueSpecification\",\"valueRequired\":true,\"valueName\":\"search_term_string\"}}],\"inLanguage\":\"en-GB\"}]}<\/script>\n<!-- \/ Yoast SEO plugin. -->","yoast_head_json":{"title":"AVISO LEGAL - Fundaci\u00f3n GAES Solidaria","robots":{"index":"index","follow":"follow","max-snippet":"max-snippet:-1","max-image-preview":"max-image-preview:large","max-video-preview":"max-video-preview:-1"},"canonical":"https:\/\/fundaciongaessolidaria.org\/en\/aviso-legal\/","og_locale":"en_GB","og_type":"article","og_title":"AVISO LEGAL - Fundaci\u00f3n GAES Solidaria","og_description":"Datos &#8211; RESPONSABLE DEL TRATAMIENTO FUNDACI\u00d3N GAES SOLIDARIA (la \u201cFundaci\u00f3n\u201d) CIF: G87730644 Domicilio social: Calle Pere IV, n\u00ba 160, Barcelona Entidad inscrita en el Registro de fundaciones de competencia estatal con n\u00famero de registro 1925EDU. Direcci\u00f3n de correo electr\u00f3nico de contacto: info@fundaciongaessolidaria.org &nbsp; P\u00e1gina web Le informamos que el sitio web (https:\/\/www.fundaciongaessolidaria.org) (\u201cWeb\u201d) es propiedad [&hellip;]","og_url":"https:\/\/fundaciongaessolidaria.org\/en\/aviso-legal\/","og_site_name":"Fundaci\u00f3n GAES Solidaria","article_modified_time":"2025-10-24T07:59:46+00:00","twitter_card":"summary_large_image","twitter_misc":{"Estimated reading time":"5 minutes"},"schema":{"@context":"https:\/\/schema.org","@graph":[{"@type":"WebPage","@id":"https:\/\/fundaciongaessolidaria.org\/aviso-legal\/","url":"https:\/\/fundaciongaessolidaria.org\/aviso-legal\/","name":"AVISO LEGAL - Fundaci\u00f3n GAES Solidaria","isPartOf":{"@id":"https:\/\/fundaciongaessolidaria.org\/#website"},"datePublished":"2025-05-19T13:49:44+00:00","dateModified":"2025-10-24T07:59:46+00:00","breadcrumb":{"@id":"https:\/\/fundaciongaessolidaria.org\/aviso-legal\/#breadcrumb"},"inLanguage":"en-GB","potentialAction":[{"@type":"ReadAction","target":["https:\/\/fundaciongaessolidaria.org\/aviso-legal\/"]}]},{"@type":"BreadcrumbList","@id":"https:\/\/fundaciongaessolidaria.org\/aviso-legal\/#breadcrumb","itemListElement":[{"@type":"ListItem","position":1,"name":"Home","item":"https:\/\/fundaciongaessolidaria.org\/"},{"@type":"ListItem","position":2,"name":"AVISO LEGAL"}]},{"@type":"WebSite","@id":"https:\/\/fundaciongaessolidaria.org\/#website","url":"https:\/\/fundaciongaessolidaria.org\/","name":"Fundaci\u00f3n GAES Solidaria","description":"","potentialAction":[{"@type":"SearchAction","target":{"@type":"EntryPoint","urlTemplate":"https:\/\/fundaciongaessolidaria.org\/?s={search_term_string}"},"query-input":{"@type":"PropertyValueSpecification","valueRequired":true,"valueName":"search_term_string"}}],"inLanguage":"en-GB"}]}},"_links":{"self":[{"href":"https:\/\/fundaciongaessolidaria.org\/en\/wp-json\/wp\/v2\/pages\/11","targetHints":{"allow":["GET"]}}],"collection":[{"href":"https:\/\/fundaciongaessolidaria.org\/en\/wp-json\/wp\/v2\/pages"}],"about":[{"href":"https:\/\/fundaciongaessolidaria.org\/en\/wp-json\/wp\/v2\/types\/page"}],"author":[{"embeddable":true,"href":"https:\/\/fundaciongaessolidaria.org\/en\/wp-json\/wp\/v2\/users\/1"}],"replies":[{"embeddable":true,"href":"https:\/\/fundaciongaessolidaria.org\/en\/wp-json\/wp\/v2\/comments?post=11"}],"version-history":[{"count":9,"href":"https:\/\/fundaciongaessolidaria.org\/en\/wp-json\/wp\/v2\/pages\/11\/revisions"}],"predecessor-version":[{"id":1306,"href":"https:\/\/fundaciongaessolidaria.org\/en\/wp-json\/wp\/v2\/pages\/11\/revisions\/1306"}],"wp:attachment":[{"href":"https:\/\/fundaciongaessolidaria.org\/en\/wp-json\/wp\/v2\/media?parent=11"}],"curies":[{"name":"wp","href":"https:\/\/api.w.org\/{rel}","templated":true}]}}